{"id":6,"date":"2019-07-26T10:33:52","date_gmt":"2019-07-26T08:33:52","guid":{"rendered":"https:\/\/demo.themeisle.com\/neve-amadeus\/?page_id=6"},"modified":"2020-08-20T20:41:21","modified_gmt":"2020-08-20T18:41:21","slug":"contact","status":"publish","type":"page","link":"https:\/\/meditation-psychologie.fr\/index.php\/contact\/","title":{"rendered":"Qui suis-je ?"},"content":{"rendered":"\t\t<div data-elementor-type=\"wp-post\" data-elementor-id=\"6\" class=\"elementor elementor-6\" data-elementor-settings=\"[]\">\n\t\t\t\t\t\t<div class=\"elementor-inner\">\n\t\t\t\t\t\t\t<div class=\"elementor-section-wrap\">\n\t\t\t\t\t\t\t<section class=\"elementor-section elementor-top-section elementor-element elementor-element-6f04cc2 elementor-section-boxed elementor-section-height-default elementor-section-height-default\" data-id=\"6f04cc2\" data-element_type=\"section\" data-settings=\"{&quot;background_background&quot;:&quot;classic&quot;}\">\n\t\t\t\t\t\t<div class=\"elementor-container elementor-column-gap-default\">\n\t\t\t\t\t\t\t<div class=\"elementor-row\">\n\t\t\t\t\t<div class=\"elementor-column elementor-col-100 elementor-top-column elementor-element elementor-element-4ea78a6\" data-id=\"4ea78a6\" data-element_type=\"column\">\n\t\t\t<div class=\"elementor-column-wrap elementor-element-populated\">\n\t\t\t\t\t\t\t<div class=\"elementor-widget-wrap\">\n\t\t\t\t\t\t<div class=\"elementor-element elementor-element-f14e427 elementor-widget elementor-widget-heading\" data-id=\"f14e427\" data-element_type=\"widget\" data-widget_type=\"heading.default\">\n\t\t\t\t<div class=\"elementor-widget-container\">\n\t\t\t<h2 class=\"elementor-heading-title elementor-size-default\">Christian Bouthors<\/h2>\t\t<\/div>\n\t\t\t\t<\/div>\n\t\t\t\t<div class=\"elementor-element elementor-element-de833f2 elementor-widget elementor-widget-image\" data-id=\"de833f2\" data-element_type=\"widget\" data-widget_type=\"image.default\">\n\t\t\t\t<div class=\"elementor-widget-container\">\n\t\t\t\t\t<div class=\"elementor-image\">\n\t\t\t\t\t\t\t\t\t\t<img width=\"576\" height=\"323\" src=\"https:\/\/meditation-psychologie.fr\/wp-content\/uploads\/2019\/09\/CV.png\" class=\"attachment-cenote-full-width size-cenote-full-width\" alt=\"\" loading=\"lazy\" srcset=\"https:\/\/meditation-psychologie.fr\/wp-content\/uploads\/2019\/09\/CV.png 576w, https:\/\/meditation-psychologie.fr\/wp-content\/uploads\/2019\/09\/CV-300x168.png 300w\" sizes=\"(max-width: 576px) 100vw, 576px\" \/>\t\t\t\t\t\t\t\t\t\t\t<\/div>\n\t\t\t\t<\/div>\n\t\t\t\t<\/div>\n\t\t\t\t<section class=\"elementor-section elementor-inner-section elementor-element elementor-element-bf31e73 elementor-section-boxed elementor-section-height-default elementor-section-height-default\" data-id=\"bf31e73\" data-element_type=\"section\">\n\t\t\t\t\t\t<div class=\"elementor-container elementor-column-gap-default\">\n\t\t\t\t\t\t\t<div class=\"elementor-row\">\n\t\t\t\t\t<div class=\"elementor-column elementor-col-100 elementor-inner-column elementor-element elementor-element-b50e5c8\" data-id=\"b50e5c8\" data-element_type=\"column\">\n\t\t\t<div class=\"elementor-column-wrap elementor-element-populated\">\n\t\t\t\t\t\t\t<div class=\"elementor-widget-wrap\">\n\t\t\t\t\t\t<div class=\"elementor-element elementor-element-a4a1f16 elementor-widget elementor-widget-heading\" data-id=\"a4a1f16\" data-element_type=\"widget\" data-widget_type=\"heading.default\">\n\t\t\t\t<div class=\"elementor-widget-container\">\n\t\t\t<span class=\"elementor-heading-title elementor-size-default\">Activit\u00e9s Professionnelles<\/span>\t\t<\/div>\n\t\t\t\t<\/div>\n\t\t\t\t<div class=\"elementor-element elementor-element-147be89 elementor-widget elementor-widget-text-editor\" data-id=\"147be89\" data-element_type=\"widget\" data-widget_type=\"text-editor.default\">\n\t\t\t\t<div class=\"elementor-widget-container\">\n\t\t\t\t\t<div class=\"elementor-text-editor elementor-clearfix\"><ul><li style=\"text-align: left;\"><span style=\"font-weight: 400;\">\u00a0Psychologue temps partiel en EHPAD (dans les Vosges) depuis le 10 avril 2020 pour g\u00e9rer la crise sanitaire et l&#8217;effet du confinement pour les r\u00e9sidents et le personnel.<\/span><\/li><li style=\"text-align: left;\"><span style=\"font-weight: 400;\">Aum\u00f4nier Bouddhiste de prison depuis 2016 (Nancy et Toul)<\/span><\/li><li style=\"text-align: left;\"><span style=\"font-weight: 400;\">Animateur d\u2019ateliers de m\u00e9ditation \u00ab\u00a0la\u00efque\u00a0\u00bb depuis 2017 (MJC d\u2019Epinal).<\/span><\/li><li style=\"text-align: left;\"><span style=\"font-weight: 400;\">Animateur d\u2019ateliers de philosophie et pratique de l\u2019attention en milieu scolaire depuis 2018<\/span><\/li><li style=\"text-align: left;\"><span style=\"font-weight: 400;\">Expert psychologue aupr\u00e8s de la Cour d\u2019Appel de Nancy depuis 2005<\/span><\/li><li style=\"text-align: left;\"><span style=\"font-weight: 400;\">Charg\u00e9 de cours en psychologie, en IFSI (infirmiers) et IRTS (\u00e9ducateurs), Conf\u00e9rencier, depuis 1995<\/span><\/li><li style=\"text-align: left;\"><span style=\"font-weight: 400;\">Psychologue et psychoth\u00e9rapeute d\u2019octobre1988 \u00e0 janvier 2018 (retraite) au Centre Hospitalier Ravenel, successivement aupr\u00e8s de personnes \u00e2g\u00e9es, adultes hospitalis\u00e9s ou en ambulatoire, prisonniers, enfants adolescents et familles.<\/span><\/li><li style=\"text-align: left;\"><span style=\"font-weight: 400;\">Charg\u00e9 d\u2019\u00e9tudes en am\u00e9nagement du territoire et urbanisme de 1979 \u00e0 1988 dans les soci\u00e9t\u00e9s Agora Lorraine (Nancy) et Urbam conseil (Epinal).<\/span><\/li><\/ul><\/div>\n\t\t\t\t<\/div>\n\t\t\t\t<\/div>\n\t\t\t\t\t\t<\/div>\n\t\t\t\t\t<\/div>\n\t\t<\/div>\n\t\t\t\t\t\t\t\t<\/div>\n\t\t\t\t\t<\/div>\n\t\t<\/section>\n\t\t\t\t<section class=\"elementor-section elementor-inner-section elementor-element elementor-element-2400243 elementor-section-boxed elementor-section-height-default elementor-section-height-default\" data-id=\"2400243\" data-element_type=\"section\">\n\t\t\t\t\t\t<div class=\"elementor-container elementor-column-gap-default\">\n\t\t\t\t\t\t\t<div class=\"elementor-row\">\n\t\t\t\t\t<div class=\"elementor-column elementor-col-100 elementor-inner-column elementor-element elementor-element-32d9af7\" data-id=\"32d9af7\" data-element_type=\"column\">\n\t\t\t<div class=\"elementor-column-wrap elementor-element-populated\">\n\t\t\t\t\t\t\t<div class=\"elementor-widget-wrap\">\n\t\t\t\t\t\t<div class=\"elementor-element elementor-element-989682d elementor-widget elementor-widget-heading\" data-id=\"989682d\" data-element_type=\"widget\" data-widget_type=\"heading.default\">\n\t\t\t\t<div class=\"elementor-widget-container\">\n\t\t\t<span class=\"elementor-heading-title elementor-size-default\">Formation Psychologique<\/span>\t\t<\/div>\n\t\t\t\t<\/div>\n\t\t\t\t<div class=\"elementor-element elementor-element-5897812 elementor-widget elementor-widget-text-editor\" data-id=\"5897812\" data-element_type=\"widget\" data-widget_type=\"text-editor.default\">\n\t\t\t\t<div class=\"elementor-widget-container\">\n\t\t\t\t\t<div class=\"elementor-text-editor elementor-clearfix\"><ul><li style=\"text-align: left;\"><span style=\"font-weight: 400;\">DESS (Master 2 professionnel) en Psychologie clinique et pathologique (Universit\u00e9 de\u00a0Nancy) 1998, DEA (Master 2 de recherche) en Psychologie du travail, 1992, (Universit\u00e9 de Nancy et Metz)<\/span><\/li><li style=\"text-align: left;\"><span style=\"font-weight: 400;\">Maitrise des sciences et techniques en Am\u00e9nagement du Territoire, 1976, (Universit\u00e9 de Tours CESA)<\/span><\/li><li style=\"text-align: left;\"><span style=\"font-weight: 400;\">Psychanalyse personnelle et contr\u00f4les aupr\u00e8s du Docteur Marchand psychiatre et\u00a0 de Monsieur Vidit psychologue.<\/span><\/li><li style=\"text-align: left;\"><span style=\"font-weight: 400;\">Formation \u00e0 l\u2019intervention syst\u00e9mique et \u00e0 la th\u00e9rapie de couple aupr\u00e8s des Docteurs Neuburger, Caill\u00e9 et Omnis, de Mesdames Rey et Montignon, de Messieurs Plumaeckers, Bouchard et Munier.<\/span><\/li><li style=\"text-align: left;\"><span style=\"font-weight: 400;\">Formations \u00e0 l\u2019hypnose \u00e0 l\u2019Institut M.Erickson de Vaison la Romaine, aupr\u00e8s des Docteurs Bellet et Espinosa, aux sp\u00e9cialit\u00e9s hypnose enfants, psychologie de l\u2019\u00e9nergie, hypnose et th\u00e9rapie comportementale et cognitive avec le Docteur Varma, \u00e0 la Pedohypnose, avec Andr\u00e9 Pierard (Suisse, NGH)<\/span><\/li><li style=\"text-align: left;\"><span style=\"font-weight: 400;\">Formation \u00e0 EMDR (adultes et enfants) avec le Docteur Servan Schreber, Michel Silvestre et Joanna Morris-Smith; Formation au Brainspotting avec David Grand cr\u00e9ateur de cette m\u00e9thode<\/span><\/li><\/ul><\/div>\n\t\t\t\t<\/div>\n\t\t\t\t<\/div>\n\t\t\t\t\t\t<\/div>\n\t\t\t\t\t<\/div>\n\t\t<\/div>\n\t\t\t\t\t\t\t\t<\/div>\n\t\t\t\t\t<\/div>\n\t\t<\/section>\n\t\t\t\t<section class=\"elementor-section elementor-inner-section elementor-element elementor-element-0bf3cf4 elementor-section-boxed elementor-section-height-default elementor-section-height-default\" data-id=\"0bf3cf4\" data-element_type=\"section\">\n\t\t\t\t\t\t<div class=\"elementor-container elementor-column-gap-default\">\n\t\t\t\t\t\t\t<div class=\"elementor-row\">\n\t\t\t\t\t<div class=\"elementor-column elementor-col-100 elementor-inner-column elementor-element elementor-element-a0fa6b0\" data-id=\"a0fa6b0\" data-element_type=\"column\">\n\t\t\t<div class=\"elementor-column-wrap elementor-element-populated\">\n\t\t\t\t\t\t\t<div class=\"elementor-widget-wrap\">\n\t\t\t\t\t\t<div class=\"elementor-element elementor-element-01fdd15 elementor-widget elementor-widget-heading\" data-id=\"01fdd15\" data-element_type=\"widget\" data-widget_type=\"heading.default\">\n\t\t\t\t<div class=\"elementor-widget-container\">\n\t\t\t<span class=\"elementor-heading-title elementor-size-default\">Autour de la M\u00e9ditation<\/span>\t\t<\/div>\n\t\t\t\t<\/div>\n\t\t\t\t<div class=\"elementor-element elementor-element-7c8803b elementor-widget elementor-widget-text-editor\" data-id=\"7c8803b\" data-element_type=\"widget\" data-widget_type=\"text-editor.default\">\n\t\t\t\t<div class=\"elementor-widget-container\">\n\t\t\t\t\t<div class=\"elementor-text-editor elementor-clearfix\"><ul><li style=\"text-align: left;\"><span style=\"font-weight: 400;\">D\u00e9couverte de la m\u00e9ditation \u00e0 l\u2019\u00e2ge de 25 ans au centre Zen de la Gendronni\u00e8re (Loir et Cher) puis dans le cadre Chr\u00e9tien (Sainte Beaume et Gorze)\u00a0<\/span><\/li><li style=\"text-align: left;\"><span style=\"font-weight: 400;\">Pratiquant Bouddhiste avec des retraites de m\u00e9ditation r\u00e9guli\u00e8res depuis 1991 (Bouddhisme Tib\u00e9tain Nyingma et Kagyu).<\/span><\/li><li style=\"text-align: left;\"><span style=\"font-weight: 400;\">Dipl\u00f4me Universitaire,\u00a0\u00ab\u00a0m\u00e9decine, m\u00e9ditation et neurosciences\u00a0\u00bb (DUMMN), 2018, Universit\u00e9 Louis Pasteur de Strasbourg.\u00a0<\/span><\/li><li style=\"text-align: left;\"><span style=\"font-weight: 400;\">Formation \u00e0 la pratique de l\u2019animation d\u2019atelier de philosophie et de pratique de l\u2019attention pour les enfants, Fondation S\u00e8ve, 2017.<\/span><\/li><li style=\"text-align: left;\"><span style=\"font-weight: 400;\">Formation d\u2019instructeur de m\u00e9ditation MBCT avec Zindel Segal et Lucio Bisini, 2018.<br \/><\/span><span style=\"font-weight: 400;\">Phase 2 en cours <\/span><\/li><li style=\"text-align: left;\"><span style=\"font-weight: 400;\">Certificat Emouna formation inter religieuse Sciences Po Paris, juin 2020, r\u00e9serv\u00e9 en priorit\u00e9 aux Ministre du Culte<\/span><\/li><\/ul><\/div>\n\t\t\t\t<\/div>\n\t\t\t\t<\/div>\n\t\t\t\t\t\t<\/div>\n\t\t\t\t\t<\/div>\n\t\t<\/div>\n\t\t\t\t\t\t\t\t<\/div>\n\t\t\t\t\t<\/div>\n\t\t<\/section>\n\t\t\t\t\t\t<\/div>\n\t\t\t\t\t<\/div>\n\t\t<\/div>\n\t\t\t\t\t\t\t\t<\/div>\n\t\t\t\t\t<\/div>\n\t\t<\/section>\n\t\t\t\t<section class=\"elementor-section elementor-top-section elementor-element elementor-element-a64abd7 elementor-section-boxed elementor-section-height-default elementor-section-height-default\" data-id=\"a64abd7\" data-element_type=\"section\" data-settings=\"{&quot;background_background&quot;:&quot;classic&quot;}\">\n\t\t\t\t\t\t<div class=\"elementor-container elementor-column-gap-default\">\n\t\t\t\t\t\t\t<div class=\"elementor-row\">\n\t\t\t\t\t<div class=\"elementor-column elementor-col-100 elementor-top-column elementor-element elementor-element-d7e41c7\" data-id=\"d7e41c7\" data-element_type=\"column\">\n\t\t\t<div class=\"elementor-column-wrap elementor-element-populated\">\n\t\t\t\t\t\t\t<div class=\"elementor-widget-wrap\">\n\t\t\t\t\t\t<div class=\"elementor-element elementor-element-491fabc elementor-widget elementor-widget-heading\" data-id=\"491fabc\" data-element_type=\"widget\" data-widget_type=\"heading.default\">\n\t\t\t\t<div class=\"elementor-widget-container\">\n\t\t\t<h2 class=\"elementor-heading-title elementor-size-default\">Contact<\/h2>\t\t<\/div>\n\t\t\t\t<\/div>\n\t\t\t\t<section class=\"elementor-section elementor-inner-section elementor-element elementor-element-be72619 elementor-section-boxed elementor-section-height-default elementor-section-height-default\" data-id=\"be72619\" data-element_type=\"section\">\n\t\t\t\t\t\t<div class=\"elementor-container elementor-column-gap-default\">\n\t\t\t\t\t\t\t<div class=\"elementor-row\">\n\t\t\t\t\t<div class=\"elementor-column elementor-col-50 elementor-inner-column elementor-element elementor-element-aa43098\" data-id=\"aa43098\" data-element_type=\"column\" data-settings=\"{&quot;background_background&quot;:&quot;classic&quot;}\">\n\t\t\t<div class=\"elementor-column-wrap elementor-element-populated\">\n\t\t\t\t\t\t\t<div class=\"elementor-widget-wrap\">\n\t\t\t\t\t\t<div class=\"elementor-element elementor-element-fb3e7de elementor-widget elementor-widget-heading\" data-id=\"fb3e7de\" data-element_type=\"widget\" data-widget_type=\"heading.default\">\n\t\t\t\t<div class=\"elementor-widget-container\">\n\t\t\t<h2 class=\"elementor-heading-title elementor-size-default\">Envoyez-moi un message !<\/h2>\t\t<\/div>\n\t\t\t\t<\/div>\n\t\t\t\t<div class=\"elementor-element elementor-element-16e0f05 elementor-icon-list--layout-traditional elementor-list-item-link-full_width elementor-widget elementor-widget-icon-list\" data-id=\"16e0f05\" data-element_type=\"widget\" data-widget_type=\"icon-list.default\">\n\t\t\t\t<div class=\"elementor-widget-container\">\n\t\t\t\t\t<ul class=\"elementor-icon-list-items\">\n\t\t\t\t\t\t\t<li class=\"elementor-icon-list-item\">\n\t\t\t\t\t\t\t\t\t\t\t<span class=\"elementor-icon-list-icon\">\n\t\t\t\t\t\t\t<i aria-hidden=\"true\" class=\"fas fa-phone-alt\"><\/i>\t\t\t\t\t\t<\/span>\n\t\t\t\t\t\t\t\t\t\t<span class=\"elementor-icon-list-text\">06.19.82.07.20<\/span>\n\t\t\t\t\t\t\t\t\t<\/li>\n\t\t\t\t\t\t<\/ul>\n\t\t\t\t<\/div>\n\t\t\t\t<\/div>\n\t\t\t\t<div class=\"elementor-element elementor-element-816b72a elementor-icon-list--layout-traditional elementor-list-item-link-full_width elementor-widget elementor-widget-icon-list\" data-id=\"816b72a\" data-element_type=\"widget\" data-widget_type=\"icon-list.default\">\n\t\t\t\t<div class=\"elementor-widget-container\">\n\t\t\t\t\t<ul class=\"elementor-icon-list-items\">\n\t\t\t\t\t\t\t<li class=\"elementor-icon-list-item\">\n\t\t\t\t\t\t\t\t\t\t\t<span class=\"elementor-icon-list-icon\">\n\t\t\t\t\t\t\t<i aria-hidden=\"true\" class=\"far fa-envelope\"><\/i>\t\t\t\t\t\t<\/span>\n\t\t\t\t\t\t\t\t\t\t<span class=\"elementor-icon-list-text\">chbouthors@yahoo.fr<\/span>\n\t\t\t\t\t\t\t\t\t<\/li>\n\t\t\t\t\t\t<\/ul>\n\t\t\t\t<\/div>\n\t\t\t\t<\/div>\n\t\t\t\t<div class=\"elementor-element elementor-element-db4dda9 elementor-icon-list--layout-traditional elementor-list-item-link-full_width elementor-widget elementor-widget-icon-list\" data-id=\"db4dda9\" data-element_type=\"widget\" data-widget_type=\"icon-list.default\">\n\t\t\t\t<div class=\"elementor-widget-container\">\n\t\t\t\t\t<ul class=\"elementor-icon-list-items\">\n\t\t\t\t\t\t\t<li class=\"elementor-icon-list-item\">\n\t\t\t\t\t\t\t\t\t\t\t<span class=\"elementor-icon-list-icon\">\n\t\t\t\t\t\t\t<i aria-hidden=\"true\" class=\"fas fa-map-marker-alt\"><\/i>\t\t\t\t\t\t<\/span>\n\t\t\t\t\t\t\t\t\t\t<span class=\"elementor-icon-list-text\">12 rue du Lieutenant L\u00e9onard, 88000 \u00c9PINAL<\/span>\n\t\t\t\t\t\t\t\t\t<\/li>\n\t\t\t\t\t\t<\/ul>\n\t\t\t\t<\/div>\n\t\t\t\t<\/div>\n\t\t\t\t\t\t<\/div>\n\t\t\t\t\t<\/div>\n\t\t<\/div>\n\t\t\t\t<div class=\"elementor-column elementor-col-50 elementor-inner-column elementor-element elementor-element-a43fcff\" data-id=\"a43fcff\" data-element_type=\"column\" data-settings=\"{&quot;background_background&quot;:&quot;classic&quot;}\">\n\t\t\t<div class=\"elementor-column-wrap elementor-element-populated\">\n\t\t\t\t\t\t\t<div class=\"elementor-widget-wrap\">\n\t\t\t\t\t\t<div class=\"elementor-element elementor-element-f493e5a elementor-widget elementor-widget-content_form_contact\" data-id=\"f493e5a\" data-element_type=\"widget\" data-widget_type=\"content_form_contact.default\">\n\t\t\t\t<div class=\"elementor-widget-container\">\n\t\t\t<form action=\"https:\/\/meditation-psychologie.fr\/wp-admin\/admin-post.php\" method=\"post\" name=\"content-form-f493e5a\" id=\"content-form-f493e5a\" class=\"ti-cf-module content-form content-form-contact content_form_contact\"><input type=\"hidden\" id=\"_wpnonce_contact\" name=\"_wpnonce_contact\" value=\"c6b0c41486\" \/><input type=\"hidden\" name=\"_wp_http_referer\" value=\"\/index.php\/wp-json\/wp\/v2\/pages\/6\" \/><input type=\"hidden\" name=\"action\" value=\"content_form_submit\" \/><input type=\"hidden\" name=\"form-type\" value=\"contact\" \/><input type=\"hidden\" name=\"form-builder\" value=\"elementor\" \/><input type=\"hidden\" name=\"post-id\" value=\"6\" \/><input type=\"hidden\" name=\"form-id\" value=\"f493e5a\" \/><fieldset class=\"content-form-field-text elementor-column elementor-col-100\"><label for=\"data[f493e5a][name]\" >Nom<span class=\"required-mark\"> *<\/span><\/label><input type=\"text\" name=\"data[f493e5a][name]\" id=\"data[f493e5a][name]\" required=\"required\"  placeholder=\"Votre nom\"><\/fieldset><fieldset class=\"content-form-field-email elementor-column elementor-col-100\"><label for=\"data[f493e5a][email]\" >Mail<span class=\"required-mark\"> *<\/span><\/label><input type=\"text\" name=\"data[f493e5a][email]\" id=\"data[f493e5a][email]\" required=\"required\"  placeholder=\"Votre adresse mail\"><\/fieldset><fieldset class=\"content-form-field-textarea elementor-column elementor-col-100\"><label for=\"data[f493e5a][message]\" >Message<span class=\"required-mark\"> *<\/span><\/label><textarea name=\"data[f493e5a][message]\" id=\"data[f493e5a][message]\"  required=\"required\" placeholder=\"Votre message\" cols=\"30\" rows=\"5\"><\/textarea><\/fieldset><fieldset class=\"submit-form contact\"><button type=\"submit\" name=\"submit\"  value=\"submit-contact-f493e5a\" class=\"\">Envoyer<\/button><\/fieldset><\/form>\t\t<\/div>\n\t\t\t\t<\/div>\n\t\t\t\t\t\t<\/div>\n\t\t\t\t\t<\/div>\n\t\t<\/div>\n\t\t\t\t\t\t\t\t<\/div>\n\t\t\t\t\t<\/div>\n\t\t<\/section>\n\t\t\t\t\t\t<\/div>\n\t\t\t\t\t<\/div>\n\t\t<\/div>\n\t\t\t\t\t\t\t\t<\/div>\n\t\t\t\t\t<\/div>\n\t\t<\/section>\n\t\t\t\t\t\t<\/div>\n\t\t\t\t\t\t<\/div>\n\t\t\t\t\t<\/div>\n\t\t","protected":false},"excerpt":{"rendered":"<p>Christian Bouthors Activit\u00e9s Professionnelles \u00a0Psychologue temps partiel en EHPAD (dans les Vosges) depuis le 10 avril 2020 pour g\u00e9rer la crise sanitaire et l&#8217;effet du confinement pour les r\u00e9sidents et le personnel. Aum\u00f4nier Bouddhiste de prison depuis 2016 (Nancy et Toul) Animateur d\u2019ateliers de m\u00e9ditation \u00ab\u00a0la\u00efque\u00a0\u00bb depuis 2017 (MJC d\u2019Epinal). Animateur d\u2019ateliers de philosophie et [&hellip;]<\/p>\n","protected":false},"author":1,"featured_media":0,"parent":0,"menu_order":0,"comment_status":"closed","ping_status":"closed","template":"","meta":[],"_links":{"self":[{"href":"https:\/\/meditation-psychologie.fr\/index.php\/wp-json\/wp\/v2\/pages\/6"}],"collection":[{"href":"https:\/\/meditation-psychologie.fr\/index.php\/wp-json\/wp\/v2\/pages"}],"about":[{"href":"https:\/\/meditation-psychologie.fr\/index.php\/wp-json\/wp\/v2\/types\/page"}],"author":[{"embeddable":true,"href":"https:\/\/meditation-psychologie.fr\/index.php\/wp-json\/wp\/v2\/users\/1"}],"replies":[{"embeddable":true,"href":"https:\/\/meditation-psychologie.fr\/index.php\/wp-json\/wp\/v2\/comments?post=6"}],"version-history":[{"count":12,"href":"https:\/\/meditation-psychologie.fr\/index.php\/wp-json\/wp\/v2\/pages\/6\/revisions"}],"predecessor-version":[{"id":330,"href":"https:\/\/meditation-psychologie.fr\/index.php\/wp-json\/wp\/v2\/pages\/6\/revisions\/330"}],"wp:attachment":[{"href":"https:\/\/meditation-psychologie.fr\/index.php\/wp-json\/wp\/v2\/media?parent=6"}],"curies":[{"name":"wp","href":"https:\/\/api.w.org\/{rel}","templated":true}]}}